{"id":1386,"date":"2025-06-30T23:47:01","date_gmt":"2025-06-30T23:47:01","guid":{"rendered":"https:\/\/divingcaves.de\/terminos-y-condiciones\/"},"modified":"2025-08-01T01:24:26","modified_gmt":"2025-08-01T01:24:26","slug":"terminos-y-condiciones","status":"publish","type":"page","link":"https:\/\/divingcaves.de\/es\/terminos-y-condiciones\/","title":{"rendered":"T\u00e9rminos y condiciones"},"content":{"rendered":"<p>[et_pb_section fb_built=\u00bb1&#8243; _builder_version=\u00bb4.27.4&#8243; _module_preset=\u00bbdefault\u00bb background_color=\u00bb#000000&#8243; global_colors_info=\u00bb{}\u00bb theme_builder_area=\u00bbpost_content\u00bb][et_pb_row custom_padding_last_edited=\u00bbon|desktop\u00bb _builder_version=\u00bb4.27.4&#8243; _module_preset=\u00bbdefault\u00bb custom_padding=\u00bb50px|||50px|false|false\u00bb custom_padding_tablet=\u00bb50px|||50px|false|false\u00bb custom_padding_phone=\u00bb50px|||50px|false|false\u00bb border_width_all=\u00bb1px\u00bb border_color_all=\u00bb#2ea3f2&#8243; global_colors_info=\u00bb{}\u00bb theme_builder_area=\u00bbpost_content\u00bb][et_pb_column type=\u00bb4_4&#8243; _builder_version=\u00bb4.27.4&#8243; _module_preset=\u00bbdefault\u00bb global_colors_info=\u00bb{}\u00bb theme_builder_area=\u00bbpost_content\u00bb][et_pb_text _builder_version=\u00bb4.27.4&#8243; _module_preset=\u00bbdefault\u00bb text_font=\u00bbMontserrat||||||||\u00bb text_text_color=\u00bb#FFFFFF\u00bb header_font=\u00bbMontserrat|800|||||||\u00bb header_text_color=\u00bb#2ea3f2&#8243; header_font_size=\u00bb50px\u00bb header_2_font=\u00bbMontserrat|600|||||||\u00bb header_2_text_color=\u00bb#2ea3f2&#8243; custom_padding=\u00bb|30px|||false|false\u00bb custom_padding_tablet=\u00bb|30px|||false|false\u00bb custom_padding_phone=\u00bb|30px|||false|false\u00bb custom_padding_last_edited=\u00bbon|desktop\u00bb hover_enabled=\u00bb0&#8243; global_colors_info=\u00bb{}\u00bb theme_builder_area=\u00bbpost_content\u00bb sticky_enabled=\u00bb0&#8243;]<\/p>\n<h1>T\u00e9rminos y condiciones<\/h1>\n<p>Christine Loew \u2013 diving caves<br \/>Fecha de entrada en vigor: <span>30 de junio de 2025<\/span><\/p>\n<p>Al reservar cualquier actividad con Christine Loew \u2013 Diving Caves, acepta los siguientes t\u00e9rminos y condiciones. L\u00e9alos atentamente antes de confirmar su reserva. <\/p>\n<h2>1. Qui\u00e9nes somos<\/h2>\n<p>Christine Loew opera Diving Caves como proveedor de servicios independiente (persona f\u00edsica) seg\u00fan la legislaci\u00f3n mexicana. Los servicios se ofrecen desde Playa del Carmen, Quintana Roo, M\u00e9xico, y todos los asuntos legales est\u00e1n sujetos a la jurisdicci\u00f3n local. <\/p>\n<h2>2. Servicios ofrecidos<\/h2>\n<p>Ofrecemos:<\/p>\n<ul>\n<li>Experiencias de buceo recreativo y t\u00e9cnico para principiantes y para instructores.<\/li>\n<li>Cursos y formaci\u00f3n de buceo.<\/li>\n<li>Excursiones de buceo en cuevas y cavernas.<\/li>\n<li>Asistencia de viaje y reservas de conserjer\u00eda para alojamiento y actividades de terceros.<\/li>\n<li>Todas las actividades de buceo est\u00e1n dirigidas por profesionales cualificados de acuerdo con las normas internacionales reconocidas.<\/li>\n<\/ul>\n<h2>3. T\u00e9rminos de reserva y pago<\/h2>\n<ul>\n<li>Las consultas se pueden realizar por correo electr\u00f3nico, WhatsApp o mensajer\u00eda de redes sociales.<\/li>\n<li>Todas las reservas requieren un dep\u00f3sito para confirmar su reserva.<\/li>\n<li>El importe del dep\u00f3sito depende del servicio reservado y se comunicar\u00e1 claramente durante el proceso de reserva.<\/li>\n<li>El pago completo se requiere antes del inicio de cualquier curso de buceo.<\/li>\n<li>Es posible reprogramar debido a enfermedad y debe comunicarse lo antes posible<\/li>\n<\/ul>\n<h2>4. Cancelaciones y reembolsos<\/h2>\n<p>Entendemos que los planes pueden cambiar. Tenga en cuenta lo siguiente: <\/p>\n<ul>\n<li>Las cancelaciones realizadas con menos de 24 horas antes del inicio de la actividad no son reembolsables.<\/li>\n<li>Puede ser posible reprogramar o transferir la reserva a otra persona, dependiendo de la disponibilidad.<\/li>\n<li>Si una actividad debe cancelarse debido a condiciones clim\u00e1ticas, problemas de seguridad o eventos de fuerza mayor, y la reprogramaci\u00f3n no es posible, se otorgar\u00e1 un reembolso completo.<\/li>\n<li>Reservamos nuestro tiempo y recursos en funci\u00f3n de su reserva confirmada; gracias por su comprensi\u00f3n.<\/li>\n<\/ul>\n<h2>5. Requisitos de buceo y seguridad<\/h2>\n<ul>\n<li>Todos los buceadores deben estar debidamente certificados para la actividad que est\u00e1n reservando.<\/li>\n<li>Nos reservamos el derecho de cancelar o modificar cualquier actividad si la salud, el equipo o el nivel de experiencia de un buceador crean un riesgo para la seguridad.<\/li>\n<li>Todos los participantes en actividades de buceo deben completar y firmar una exenci\u00f3n que incluya un cuestionario m\u00e9dico.<\/li>\n<li>Para los cursos, los formularios m\u00e9dicos y de exenci\u00f3n requeridos por la organizaci\u00f3n de capacitaci\u00f3n pertinente deben completarse antes de que comience el curso.<\/li>\n<li>Recomendamos que todos los buceadores tengan un seguro de accidentes de buceo<\/li>\n<li>Los participantes que no bucean (por ejemplo, tours o excursiones en superficie) deben firmar una exenci\u00f3n general.<\/li>\n<\/ul>\n<h2>6. Responsabilidad<\/h2>\n<p>Se debe firmar una exenci\u00f3n de responsabilidad antes de cualquier actividad<\/p>\n<ul>\n<li>Christine Loew \u2013 Diving Caves no se hace responsable de la p\u00e9rdida, el robo o el da\u00f1o de las pertenencias personales.<\/li>\n<li>Los participantes son financieramente responsables de cualquier da\u00f1o al equipo de alquiler causado por uso indebido o negligencia.<\/li>\n<li>Si bien se hace todo lo posible para garantizar una experiencia segura, el buceo y las actividades de aventura conllevan riesgos inherentes. Al participar, reconoce y acepta estos riesgos <\/li>\n<\/ul>\n<h2>7. Jurisdicci\u00f3n legal<\/h2>\n<ul>\n<li>Todos los servicios se prestan bajo la ley mexicana.<\/li>\n<li>En caso de disputa, el lugar de jurisdicci\u00f3n es Playa del Carmen, Quintana Roo, M\u00e9xico.<\/li>\n<\/ul>\n<h2>8. Notas finales<\/h2>\n<ul>\n<li>Al confirmar su reserva, acepta estos t\u00e9rminos y condiciones.<\/li>\n<li>Si tiene alguna pregunta o inquietud antes de su inmersi\u00f3n, no dude en ponerse en contacto con Christine directamente en:<\/li>\n<li><a href=\"mailto:Christine@divingcaves.de\">Christine@divingcaves.de<\/a><\/li>\n<li>Playa del Carmen, Quintana Roo, M\u00e9xico<\/li>\n<\/ul>\n<p>[\/et_pb_text][\/et_pb_column][\/et_pb_row][\/et_pb_section]<\/p>\n","protected":false},"excerpt":{"rendered":"<p>T\u00e9rminos y condiciones Christine Loew \u2013 diving cavesFecha de entrada en vigor: 30 de junio de 2025 Al reservar cualquier actividad con Christine Loew \u2013 Diving Caves, acepta los siguientes t\u00e9rminos y condiciones. L\u00e9alos atentamente antes de confirmar su reserva. 1. Qui\u00e9nes somos Christine Loew opera Diving Caves como proveedor de servicios independiente (persona f\u00edsica) [&hellip;]<\/p>\n","protected":false},"author":1,"featured_media":0,"parent":0,"menu_order":0,"comment_status":"closed","ping_status":"closed","template":"","meta":{"_et_pb_use_builder":"on","_et_pb_old_content":"","_et_gb_content_width":"","footnotes":""},"class_list":["post-1386","page","type-page","status-publish","hentry"],"_links":{"self":[{"href":"https:\/\/divingcaves.de\/es\/wp-json\/wp\/v2\/pages\/1386","targetHints":{"allow":["GET"]}}],"collection":[{"href":"https:\/\/divingcaves.de\/es\/wp-json\/wp\/v2\/pages"}],"about":[{"href":"https:\/\/divingcaves.de\/es\/wp-json\/wp\/v2\/types\/page"}],"author":[{"embeddable":true,"href":"https:\/\/divingcaves.de\/es\/wp-json\/wp\/v2\/users\/1"}],"replies":[{"embeddable":true,"href":"https:\/\/divingcaves.de\/es\/wp-json\/wp\/v2\/comments?post=1386"}],"version-history":[{"count":2,"href":"https:\/\/divingcaves.de\/es\/wp-json\/wp\/v2\/pages\/1386\/revisions"}],"predecessor-version":[{"id":1388,"href":"https:\/\/divingcaves.de\/es\/wp-json\/wp\/v2\/pages\/1386\/revisions\/1388"}],"wp:attachment":[{"href":"https:\/\/divingcaves.de\/es\/wp-json\/wp\/v2\/media?parent=1386"}],"curies":[{"name":"wp","href":"https:\/\/api.w.org\/{rel}","templated":true}]}}