{"id":1392,"date":"2025-06-30T23:45:02","date_gmt":"2025-06-30T23:45:02","guid":{"rendered":"https:\/\/divingcaves.de\/politica-de-privacidad\/"},"modified":"2025-08-04T21:47:18","modified_gmt":"2025-08-04T21:47:18","slug":"politica-de-privacidad","status":"publish","type":"page","link":"https:\/\/divingcaves.de\/es\/politica-de-privacidad\/","title":{"rendered":"Pol\u00edtica de privacidad"},"content":{"rendered":"<p>[et_pb_section fb_built=\u00bb1&#8243; _builder_version=\u00bb4.27.4&#8243; _module_preset=\u00bbdefault\u00bb background_color=\u00bb#000000&#8243; global_colors_info=\u00bb{}\u00bb][et_pb_row custom_padding_last_edited=\u00bbon|desktop\u00bb _builder_version=\u00bb4.27.4&#8243; _module_preset=\u00bbdefault\u00bb custom_padding=\u00bb50px|||50px|false|false\u00bb custom_padding_tablet=\u00bb50px|||50px|false|false\u00bb custom_padding_phone=\u00bb50px|||50px|false|false\u00bb border_width_all=\u00bb1px\u00bb border_color_all=\u00bb#2ea3f2&#8243; global_colors_info=\u00bb{}\u00bb][et_pb_column type=\u00bb4_4&#8243; _builder_version=\u00bb4.27.4&#8243; _module_preset=\u00bbdefault\u00bb global_colors_info=\u00bb{}\u00bb][et_pb_text _builder_version=\u00bb4.27.4&#8243; _module_preset=\u00bbdefault\u00bb text_font=\u00bbMontserrat||||||||\u00bb text_text_color=\u00bb#FFFFFF\u00bb header_font=\u00bbMontserrat|800|||||||\u00bb header_text_color=\u00bb#2ea3f2&#8243; header_font_size=\u00bb50px\u00bb header_2_font=\u00bbMontserrat|600|||||||\u00bb header_2_text_color=\u00bb#2ea3f2&#8243; custom_padding=\u00bb|30px|||false|false\u00bb custom_padding_tablet=\u00bb|30px|||false|false\u00bb custom_padding_phone=\u00bb|30px|||false|false\u00bb custom_padding_last_edited=\u00bbon|desktop\u00bb hover_enabled=\u00bb0&#8243; global_colors_info=\u00bb{}\u00bb sticky_enabled=\u00bb0&#8243;]<\/p>\n<h1>Pol\u00edtica de privacidad<\/h1>\n<p>Christine loew diving caves<br \/>Fecha de entrada en vigor: 30 de junio de 2025<\/p>\n<h2>1. Qui\u00e9nes somos<\/h2>\n<p>\u00a1Hola! Soy Christine Loew, propietaria de Christine Loew Diving Caves, con sede en Playa del Carmen, M\u00e9xico. Mi objetivo es ofrecer aventuras de buceo inolvidables, y tratar sus datos personales con el mismo cuidado y respeto.  <\/p>\n<p>Esta pol\u00edtica explica qu\u00e9 informaci\u00f3n recopilo de usted, c\u00f3mo la uso y c\u00f3mo la protejo.<\/p>\n<h2>2. Qu\u00e9 informaci\u00f3n recopilo<\/h2>\n<p>Cuando visita el sitio o se pone en contacto conmigo, puedo recopilar:<\/p>\n<ul>\n<li>Su nombre<\/li>\n<li>Su direcci\u00f3n de correo electr\u00f3nico<\/li>\n<li>Su n\u00famero de tel\u00e9fono<\/li>\n<li>Cualquier otro detalle que elija compartir al contactarme<\/li>\n<\/ul>\n<p>Esto sucede cuando:<\/p>\n<ul>\n<li>Rellena el formulario de contacto<\/li>\n<li>Solicita la descarga de la lista de precios<\/li>\n<li>Me env\u00eda un mensaje a trav\u00e9s del sitio web<\/li>\n<\/ul>\n<h2>3. Por qu\u00e9 recopilo sus datos<\/h2>\n<p>Utilizo su informaci\u00f3n para:<\/p>\n<ul>\n<li>Responder a sus preguntas<\/li>\n<li>Organizar su experiencia de buceo<\/li>\n<li>Enviarle mi lista de precios si la solicita<\/li>\n<li>Ocasionalmente, hacer un seguimiento de su reserva o consulta<\/li>\n<li>Proporcionarle un mejor servicio si decide bucear conmigo de nuevo en el futuro<\/li>\n<\/ul>\n<p><strong>No env\u00edo correos electr\u00f3nicos de marketing ni comparto su informaci\u00f3n con nadie con fines publicitarios.<\/strong><\/p>\n<h2>4. Cookies y seguimiento<\/h2>\n<ul>\n<li>Mis sitios web utilizan cookies (peque\u00f1os archivos de texto almacenados en su dispositivo) para mejorar su experiencia.<\/li>\n<li>Google Analytics puede utilizarse para comprender c\u00f3mo los visitantes utilizan mi sitio (por ejemplo, qu\u00e9 p\u00e1ginas son m\u00e1s populares, c\u00f3mo me encontr\u00f3 la gente, etc.).<\/li>\n<li>No se recopilan datos personales a trav\u00e9s de Google Analytics que le identifiquen directamente<\/li>\n<li>Puede ajustar la configuraci\u00f3n de su navegador para rechazar las cookies si lo prefiere.<\/li>\n<\/ul>\n<h2>5. Cr\u00e9ditos de las fotos:<\/h2>\n<p>Algunas im\u00e1genes de este sitio web se utilizan con el amable permiso de fot\u00f3grafos de talento como David Jones, Jonathan Bird, Ute Welcker, Markus Schmidt, Uwe Schmolke, Terra Steely, K. Starnawski, Poby Han, Tom St. George y otros. Todos los derechos permanecen en manos de los fot\u00f3grafos originales.<br \/>Queda estrictamente prohibido el uso, la reproducci\u00f3n o la distribuci\u00f3n no autorizados de cualquier imagen de este sitio. Todos los derechos reservados.  <\/p>\n<h2>6. C\u00f3mo almaceno y protejo sus datos<\/h2>\n<p>Sus datos personales se mantienen seguros. Los almaceno solo durante el tiempo necesario para comunicarme con usted o completar su reserva. <\/p>\n<p>Puedo mantener su direcci\u00f3n de correo electr\u00f3nico y su nombre en el archivo para un seguimiento futuro, especialmente si se ha puesto en contacto conmigo antes o ha completado una inmersi\u00f3n. Esto me ayuda a proporcionar un servicio m\u00e1s personalizado si regresa. Puede pedirme que elimine su informaci\u00f3n en cualquier momento; solo tiene que enviarme un correo electr\u00f3nico y yo me encargar\u00e9 de ello.  <\/p>\n<p>En algunos casos, puedo compartir su informaci\u00f3n (como su nombre, correo electr\u00f3nico o n\u00famero de tel\u00e9fono) con un instructor aut\u00f3nomo certificado que est\u00e9 ayudando a ofrecer su experiencia de buceo. Esto solo ocurre cuando es necesario para completar u organizar su reserva, y me aseguro de que sus datos se manejen de forma segura y solo para el prop\u00f3sito acordado. <\/p>\n<p>No vendo ni comparto sus datos con terceros para fines de marketing o no relacionados.<\/p>\n<h2>7. Sus derechos<\/h2>\n<p>Si se encuentra en la Uni\u00f3n Europea, tiene derecho a:<\/p>\n<ul>\n<li>Acceder a los datos que tengo sobre usted<\/li>\n<li>Corregir cualquier dato incorrecto<\/li>\n<li>Pedirme que borre sus datos<\/li>\n<li>Oponerse a c\u00f3mo se utilizan sus datos<\/li>\n<li>Solicitar una copia de sus datos en un formato port\u00e1til<\/li>\n<\/ul>\n<p>Si se encuentra en M\u00e9xico, tiene derechos similares en virtud de la LFPDPPP, conocidos como derechos ARCO (Acceso, Rectificaci\u00f3n, Cancelaci\u00f3n y Oposici\u00f3n).<\/p>\n<p><strong>Puede ponerse en contacto conmigo en cualquier momento para ejercer estos derechos.<\/strong><\/p>\n<h2>8. Contacto<\/h2>\n<p>Si tiene alguna pregunta sobre esta Pol\u00edtica de privacidad o sus datos, \u00a1p\u00f3ngase en contacto conmigo!<\/p>\n<p>christine@divingcaves.de<br \/>Playa del Carmen, Quintana Roo, M\u00e9xico<\/p>\n<h2>9. Actualizaciones<\/h2>\n<p>Esta Pol\u00edtica de privacidad puede actualizarse de vez en cuando. Publicar\u00e9 cualquier cambio en esta p\u00e1gina y actualizar\u00e9 la fecha de entrada en vigor que aparece m\u00e1s arriba. <\/p>\n<p>[\/et_pb_text][\/et_pb_column][\/et_pb_row][\/et_pb_section]<\/p>\n","protected":false},"excerpt":{"rendered":"<p>Pol\u00edtica de privacidad Christine loew diving cavesFecha de entrada en vigor: 30 de junio de 2025 1. Qui\u00e9nes somos \u00a1Hola! Soy Christine Loew, propietaria de Christine Loew Diving Caves, con sede en Playa del Carmen, M\u00e9xico. Mi objetivo es ofrecer aventuras de buceo inolvidables, y tratar sus datos personales con el mismo cuidado y respeto. [&hellip;]<\/p>\n","protected":false},"author":1,"featured_media":0,"parent":0,"menu_order":0,"comment_status":"closed","ping_status":"closed","template":"","meta":{"_et_pb_use_builder":"on","_et_pb_old_content":"","_et_gb_content_width":"","footnotes":""},"class_list":["post-1392","page","type-page","status-publish","hentry"],"_links":{"self":[{"href":"https:\/\/divingcaves.de\/es\/wp-json\/wp\/v2\/pages\/1392","targetHints":{"allow":["GET"]}}],"collection":[{"href":"https:\/\/divingcaves.de\/es\/wp-json\/wp\/v2\/pages"}],"about":[{"href":"https:\/\/divingcaves.de\/es\/wp-json\/wp\/v2\/types\/page"}],"author":[{"embeddable":true,"href":"https:\/\/divingcaves.de\/es\/wp-json\/wp\/v2\/users\/1"}],"replies":[{"embeddable":true,"href":"https:\/\/divingcaves.de\/es\/wp-json\/wp\/v2\/comments?post=1392"}],"version-history":[{"count":6,"href":"https:\/\/divingcaves.de\/es\/wp-json\/wp\/v2\/pages\/1392\/revisions"}],"predecessor-version":[{"id":1690,"href":"https:\/\/divingcaves.de\/es\/wp-json\/wp\/v2\/pages\/1392\/revisions\/1690"}],"wp:attachment":[{"href":"https:\/\/divingcaves.de\/es\/wp-json\/wp\/v2\/media?parent=1392"}],"curies":[{"name":"wp","href":"https:\/\/api.w.org\/{rel}","templated":true}]}}